{"id":211,"date":"2018-11-23T11:30:36","date_gmt":"2018-11-23T10:30:36","guid":{"rendered":"http:\/\/dger.beniculturali.it\/?page_id=211"},"modified":"2025-09-09T16:16:34","modified_gmt":"2025-09-09T14:16:34","slug":"cookie","status":"publish","type":"page","link":"https:\/\/dgdc.cultura.gov.it\/en\/cookie\/","title":{"rendered":"Cookie policy"},"content":{"rendered":"<p>I cookie sono file di testo che vengono creati in automatico ed usati per migliorare e rendere pi\u00f9 semplice la navigazione di un sito web da parte di un utente.<\/p>\n\n\n\n<p>Sono uno strumento utilizzato anche per comprendere come gli utenti navigano il sito.<\/p>\n\n\n\n<p>In questa informativa sono descritti i cookie utilizzati dal presente sito, che sono:<\/p>\n\n\n\n<h3 class=\"wp-block-heading\">Navigation\/Session Cookies<\/h3>\n\n\n\n<p>I cookie di sessione vengono archiviati temporaneamente nella memoria del computer durante l\u2019esplorazione di un sito per tenere traccia delle preferenze di navigazione e vengono eliminati non appena l\u2019utente chiude il browser.<\/p>\n\n\n\n<p>The use of session cookies on this website is strictly limited to the transmission of session identifiers (random numbers generated by the server) necessary to enable the secure and efficient exploration of the site.<\/p>\n\n\n\n<h3 class=\"wp-block-heading\">Analytics Cookies<\/h3>\n\n\n\n<p>Questi cookies sono utilizzati per raccogliere e analizzare il traffico e l\u2019utilizzo del sito in modo anonimo; pur senza identificare l\u2019utente, consentono, per esempio, di rilevare se il medesimo utente torna a collegarsi in momenti diversi. Permettono inoltre di monitorare il sistema e migliorarne le prestazioni e l\u2019usabilit\u00e0. La disattivazione di tali cookie pu\u00f2 essere eseguita senza alcuna perdita di funzionalit\u00e0.<\/p>\n\n\n\n<h3 class=\"wp-block-heading\">Third-Party Cookies<\/h3>\n\n\n\n<p>Sul sito vengono usati cookies di:<\/p>\n\n\n\n<ul class=\"wp-block-list\">\n<li>YouTube;<\/li>\n\n\n\n<li>Facebook.<\/li>\n<\/ul>\n\n\n\n<h3 class=\"wp-block-heading\">Profiling Cookies<\/h3>\n\n\n\n<p>Questo sito non utilizza cookie di profilazione.<\/p>\n\n\n\n<p>The site does not collect profiling cookies to identify user preferences or improve the user\u2019s browsing experience.<\/p>\n\n\n\n<h2 class=\"wp-block-heading\">Cookie Management<\/h2>\n\n\n\n<p>L\u2019utente pu\u00f2 decidere se accettare o meno i cookie, limitarli o bloccarli, utilizzando le impostazioni del proprio browser.<\/p>\n\n\n\n<p>\u00c8 possibile inoltre eliminare tutti i cookie gi\u00e0 presenti nel sistema. Le impostazioni devono essere modificate separatamente in ogni browser e computer utilizzato. Le procedure per la limitazione o il blocco dei cookie sono descritte nella Guida del browser utilizzato.<\/p>\n\n\n\n<p>Per disattivare i cookie su un telefono cellulare si consiglia di consultare il relativo manuale per ulteriori informazioni.<\/p>\n\n\n\n<p>L\u2019eventuale disabilitazione dei cookie non influenza in alcun modo l\u2019interazione con il presente sito.<\/p>","protected":false},"excerpt":{"rendered":"<p>I cookie sono file di testo che vengono creati in automatico ed usati per migliorare e rendere pi\u00f9 semplice la navigazione di un sito web &#8230; <\/p>","protected":false},"author":1,"featured_media":0,"parent":0,"menu_order":902,"comment_status":"closed","ping_status":"closed","template":"","meta":{"_acf_changed":false,"footnotes":""},"class_list":["post-211","page","type-page","status-publish","hentry"],"acf":[],"yoast_head":"<!-- This site is optimized with the Yoast SEO plugin v27.3 - https:\/\/yoast.com\/product\/yoast-seo-wordpress\/ -->\n<title>Cookie policy - Direzione generale Digitalizzazione e comunicazione<\/title>\n<meta name=\"description\" content=\"Informativa sui cookie utilizzati dal sito della Direzione generale Educazione e Ricerca\" \/>\n<meta name=\"robots\" content=\"index, follow, max-snippet:-1, max-image-preview:large, max-video-preview:-1\" \/>\n<link rel=\"canonical\" href=\"https:\/\/dgdc.cultura.gov.it\/en\/cookie\/\" \/>\n<meta property=\"og:locale\" content=\"en_GB\" \/>\n<meta property=\"og:type\" content=\"article\" \/>\n<meta property=\"og:title\" content=\"Cookie policy - Direzione generale Digitalizzazione e comunicazione\" \/>\n<meta property=\"og:description\" content=\"Informativa sui cookie utilizzati dal sito della Direzione generale Educazione e Ricerca\" \/>\n<meta property=\"og:url\" content=\"https:\/\/dgdc.cultura.gov.it\/en\/cookie\/\" \/>\n<meta property=\"og:site_name\" content=\"Direzione generale Digitalizzazione e comunicazione\" \/>\n<meta property=\"article:publisher\" content=\"https:\/\/www.facebook.com\/dgdc.mic\/\" \/>\n<meta property=\"article:modified_time\" content=\"2025-09-09T14:16:34+00:00\" \/>\n<script type=\"application\/ld+json\" class=\"yoast-schema-graph\">{\"@context\":\"https:\\\/\\\/schema.org\",\"@graph\":[{\"@type\":\"WebPage\",\"@id\":\"https:\\\/\\\/dgdc.cultura.gov.it\\\/cookie\\\/\",\"url\":\"https:\\\/\\\/dgdc.cultura.gov.it\\\/cookie\\\/\",\"name\":\"Cookie policy - Direzione generale Digitalizzazione e comunicazione\",\"isPartOf\":{\"@id\":\"https:\\\/\\\/dgdc.cultura.gov.it\\\/#website\"},\"datePublished\":\"2018-11-23T10:30:36+00:00\",\"dateModified\":\"2025-09-09T14:16:34+00:00\",\"description\":\"Informativa sui cookie utilizzati dal sito della Direzione generale Educazione e Ricerca\",\"breadcrumb\":{\"@id\":\"https:\\\/\\\/dgdc.cultura.gov.it\\\/cookie\\\/#breadcrumb\"},\"inLanguage\":\"en-GB\",\"potentialAction\":[{\"@type\":\"ReadAction\",\"target\":[\"https:\\\/\\\/dgdc.cultura.gov.it\\\/cookie\\\/\"]}]},{\"@type\":\"BreadcrumbList\",\"@id\":\"https:\\\/\\\/dgdc.cultura.gov.it\\\/cookie\\\/#breadcrumb\",\"itemListElement\":[{\"@type\":\"ListItem\",\"position\":1,\"name\":\"Home\",\"item\":\"https:\\\/\\\/dgdc.cultura.gov.it\\\/\"},{\"@type\":\"ListItem\",\"position\":2,\"name\":\"Cookie policy\"}]},{\"@type\":\"WebSite\",\"@id\":\"https:\\\/\\\/dgdc.cultura.gov.it\\\/#website\",\"url\":\"https:\\\/\\\/dgdc.cultura.gov.it\\\/\",\"name\":\"Direzione generale Digitalizzazione e comunicazione\",\"description\":\"Sito della Direzione generale Digitalizzazione e comunicazione\",\"publisher\":{\"@id\":\"https:\\\/\\\/dgdc.cultura.gov.it\\\/#organization\"},\"alternateName\":\"dgdc\",\"potentialAction\":[{\"@type\":\"SearchAction\",\"target\":{\"@type\":\"EntryPoint\",\"urlTemplate\":\"https:\\\/\\\/dgdc.cultura.gov.it\\\/?s={search_term_string}\"},\"query-input\":{\"@type\":\"PropertyValueSpecification\",\"valueRequired\":true,\"valueName\":\"search_term_string\"}}],\"inLanguage\":\"en-GB\"},{\"@type\":\"Organization\",\"@id\":\"https:\\\/\\\/dgdc.cultura.gov.it\\\/#organization\",\"name\":\"Direzione Generale Digitalizzazione e comunicazione\",\"alternateName\":\"DGDC\",\"url\":\"https:\\\/\\\/dgdc.cultura.gov.it\\\/\",\"logo\":{\"@type\":\"ImageObject\",\"inLanguage\":\"en-GB\",\"@id\":\"https:\\\/\\\/dgdc.cultura.gov.it\\\/#\\\/schema\\\/logo\\\/image\\\/\",\"url\":\"https:\\\/\\\/dgdc.cultura.gov.it\\\/wp-content\\\/uploads\\\/2025\\\/05\\\/Logo-DGDC-blu.png\",\"contentUrl\":\"https:\\\/\\\/dgdc.cultura.gov.it\\\/wp-content\\\/uploads\\\/2025\\\/05\\\/Logo-DGDC-blu.png\",\"width\":1600,\"height\":408,\"caption\":\"Direzione Generale Digitalizzazione e comunicazione\"},\"image\":{\"@id\":\"https:\\\/\\\/dgdc.cultura.gov.it\\\/#\\\/schema\\\/logo\\\/image\\\/\"},\"sameAs\":[\"https:\\\/\\\/www.facebook.com\\\/dgdc.mic\\\/\",\"https:\\\/\\\/www.youtube.com\\\/MiC_Italia\"]}]}<\/script>\n<!-- \/ Yoast SEO plugin. -->","yoast_head_json":{"title":"Cookie policy - Direzione generale Digitalizzazione e comunicazione","description":"Informativa sui cookie utilizzati dal sito della Direzione generale Educazione e Ricerca","robots":{"index":"index","follow":"follow","max-snippet":"max-snippet:-1","max-image-preview":"max-image-preview:large","max-video-preview":"max-video-preview:-1"},"canonical":"https:\/\/dgdc.cultura.gov.it\/en\/cookie\/","og_locale":"en_GB","og_type":"article","og_title":"Cookie policy - Direzione generale Digitalizzazione e comunicazione","og_description":"Informativa sui cookie utilizzati dal sito della Direzione generale Educazione e Ricerca","og_url":"https:\/\/dgdc.cultura.gov.it\/en\/cookie\/","og_site_name":"Direzione generale Digitalizzazione e comunicazione","article_publisher":"https:\/\/www.facebook.com\/dgdc.mic\/","article_modified_time":"2025-09-09T14:16:34+00:00","schema":{"@context":"https:\/\/schema.org","@graph":[{"@type":"WebPage","@id":"https:\/\/dgdc.cultura.gov.it\/cookie\/","url":"https:\/\/dgdc.cultura.gov.it\/cookie\/","name":"Cookie policy - Direzione generale Digitalizzazione e comunicazione","isPartOf":{"@id":"https:\/\/dgdc.cultura.gov.it\/#website"},"datePublished":"2018-11-23T10:30:36+00:00","dateModified":"2025-09-09T14:16:34+00:00","description":"Informativa sui cookie utilizzati dal sito della Direzione generale Educazione e Ricerca","breadcrumb":{"@id":"https:\/\/dgdc.cultura.gov.it\/cookie\/#breadcrumb"},"inLanguage":"en-GB","potentialAction":[{"@type":"ReadAction","target":["https:\/\/dgdc.cultura.gov.it\/cookie\/"]}]},{"@type":"BreadcrumbList","@id":"https:\/\/dgdc.cultura.gov.it\/cookie\/#breadcrumb","itemListElement":[{"@type":"ListItem","position":1,"name":"Home","item":"https:\/\/dgdc.cultura.gov.it\/"},{"@type":"ListItem","position":2,"name":"Cookie policy"}]},{"@type":"WebSite","@id":"https:\/\/dgdc.cultura.gov.it\/#website","url":"https:\/\/dgdc.cultura.gov.it\/","name":"Direzione generale Digitalizzazione e comunicazione","description":"Sito della Direzione generale Digitalizzazione e comunicazione","publisher":{"@id":"https:\/\/dgdc.cultura.gov.it\/#organization"},"alternateName":"dgdc","potentialAction":[{"@type":"SearchAction","target":{"@type":"EntryPoint","urlTemplate":"https:\/\/dgdc.cultura.gov.it\/?s={search_term_string}"},"query-input":{"@type":"PropertyValueSpecification","valueRequired":true,"valueName":"search_term_string"}}],"inLanguage":"en-GB"},{"@type":"Organization","@id":"https:\/\/dgdc.cultura.gov.it\/#organization","name":"Direzione Generale Digitalizzazione e comunicazione","alternateName":"DGDC","url":"https:\/\/dgdc.cultura.gov.it\/","logo":{"@type":"ImageObject","inLanguage":"en-GB","@id":"https:\/\/dgdc.cultura.gov.it\/#\/schema\/logo\/image\/","url":"https:\/\/dgdc.cultura.gov.it\/wp-content\/uploads\/2025\/05\/Logo-DGDC-blu.png","contentUrl":"https:\/\/dgdc.cultura.gov.it\/wp-content\/uploads\/2025\/05\/Logo-DGDC-blu.png","width":1600,"height":408,"caption":"Direzione Generale Digitalizzazione e comunicazione"},"image":{"@id":"https:\/\/dgdc.cultura.gov.it\/#\/schema\/logo\/image\/"},"sameAs":["https:\/\/www.facebook.com\/dgdc.mic\/","https:\/\/www.youtube.com\/MiC_Italia"]}]}},"_links":{"self":[{"href":"https:\/\/dgdc.cultura.gov.it\/en\/wp-json\/wp\/v2\/pages\/211","targetHints":{"allow":["GET"]}}],"collection":[{"href":"https:\/\/dgdc.cultura.gov.it\/en\/wp-json\/wp\/v2\/pages"}],"about":[{"href":"https:\/\/dgdc.cultura.gov.it\/en\/wp-json\/wp\/v2\/types\/page"}],"author":[{"embeddable":true,"href":"https:\/\/dgdc.cultura.gov.it\/en\/wp-json\/wp\/v2\/users\/1"}],"replies":[{"embeddable":true,"href":"https:\/\/dgdc.cultura.gov.it\/en\/wp-json\/wp\/v2\/comments?post=211"}],"version-history":[{"count":11,"href":"https:\/\/dgdc.cultura.gov.it\/en\/wp-json\/wp\/v2\/pages\/211\/revisions"}],"predecessor-version":[{"id":30098,"href":"https:\/\/dgdc.cultura.gov.it\/en\/wp-json\/wp\/v2\/pages\/211\/revisions\/30098"}],"wp:attachment":[{"href":"https:\/\/dgdc.cultura.gov.it\/en\/wp-json\/wp\/v2\/media?parent=211"}],"curies":[{"name":"wp","href":"https:\/\/api.w.org\/{rel}","templated":true}]}}