{"id":30100,"date":"2025-09-17T12:30:15","date_gmt":"2025-09-17T10:30:15","guid":{"rendered":"https:\/\/dgdc.cultura.gov.it\/?page_id=30100"},"modified":"2025-09-17T12:30:48","modified_gmt":"2025-09-17T10:30:48","slug":"dichiarazione-di-accessibilita","status":"publish","type":"page","link":"https:\/\/dgdc.cultura.gov.it\/en\/dichiarazione-di-accessibilita\/","title":{"rendered":"Accessibility Statement"},"content":{"rendered":"<p>Il Ministero della Cultura si impegna a rendere il presente sito web accessibile, conformemente al D.lgs 10 agosto 2018, n. 106 che ha recepito la direttiva UE 2016\/2102 del Parlamento europeo e del Consiglio.<\/p>\n\n\n\n<p><strong><a href=\"https:\/\/form.agid.gov.it\/view\/244333c0-93ab-11f0-b1b5-dff775e8aeb8\">Accessibility Statement<\/a><\/strong>.<\/p>\n\n\n\n<p>Eventuali criticit\u00e0 riscontrate nel sito di cui l\u2019amministrazione \u00e8 titolare, in termini di conformit\u00e0 ai principi di accessibilit\u00e0, o per avere un riscontro sulle informazioni inaccessibili e\/o per richiedere un adeguamento dei sistemi informatici a disposizione pu\u00f2 essere inoltrata apposita segnalazione direttamente a questa Amministrazione (come previsto dalla Legge 9 gennaio 2004, n. 4 aggiornata dal Decreto Legislativo 10 agosto 2018, n. 106, articolo 3-quater comma 2 lettera b) all\u2019indirizzo e-mail: <a href=\"mailto:dg-dc@cultura.gov.it\"><strong>dg-dc@cultura.gov.it<\/strong><\/a>.<\/p>\n\n\n\n<p>Nella e-mail si prega di indicare:<\/p>\n\n\n\n<ul class=\"wp-block-list\">\n<li>\u00a0\u00a0\u00a0 il proprio nome e cognome;<\/li>\n\n\n\n<li>\u00a0\u00a0\u00a0 il proprio indirizzo e-mail;<\/li>\n\n\n\n<li>\u00a0\u00a0\u00a0 l\u2019indirizzo (o <a href=\"https:\/\/it.wikipedia.org\/wiki\/Uniform_Resource_Locator\">URL<\/a>) della pagina web oggetto della segnalazione;<\/li>\n\n\n\n<li>\u00a0\u00a0\u00a0 una descrizione chiara e sintetica del problema riscontrato;<\/li>\n\n\n\n<li>\u00a0\u00a0\u00a0 gli strumenti utilizzati (sistema operativo, browser, tecnologie assistive).<\/li>\n<\/ul>","protected":false},"excerpt":{"rendered":"<p>Il Ministero della Cultura si impegna a rendere il presente sito web accessibile, conformemente al D.lgs 10 agosto 2018, n. 106 che ha recepito la &#8230; <\/p>","protected":false},"author":1,"featured_media":0,"parent":0,"menu_order":912,"comment_status":"closed","ping_status":"closed","template":"","meta":{"_acf_changed":false,"footnotes":""},"class_list":["post-30100","page","type-page","status-publish","hentry"],"acf":[],"yoast_head":"<!-- This site is optimized with the Yoast SEO plugin v27.3 - https:\/\/yoast.com\/product\/yoast-seo-wordpress\/ -->\n<title>Dichiarazione di accessibilit\u00e0 - Direzione generale Digitalizzazione e comunicazione<\/title>\n<meta name=\"robots\" content=\"index, follow, max-snippet:-1, max-image-preview:large, max-video-preview:-1\" \/>\n<link rel=\"canonical\" href=\"https:\/\/dgdc.cultura.gov.it\/en\/dichiarazione-di-accessibilita\/\" \/>\n<meta property=\"og:locale\" content=\"en_GB\" \/>\n<meta property=\"og:type\" content=\"article\" \/>\n<meta property=\"og:title\" content=\"Dichiarazione di accessibilit\u00e0 - Direzione generale Digitalizzazione e comunicazione\" \/>\n<meta property=\"og:description\" content=\"Il Ministero della Cultura si impegna a rendere il presente sito web accessibile, conformemente al D.lgs 10 agosto 2018, n. 106 che ha recepito la ...\" \/>\n<meta property=\"og:url\" content=\"https:\/\/dgdc.cultura.gov.it\/en\/dichiarazione-di-accessibilita\/\" \/>\n<meta property=\"og:site_name\" content=\"Direzione generale Digitalizzazione e comunicazione\" \/>\n<meta property=\"article:publisher\" content=\"https:\/\/www.facebook.com\/dgdc.mic\/\" \/>\n<meta property=\"article:modified_time\" content=\"2025-09-17T10:30:48+00:00\" \/>\n<script type=\"application\/ld+json\" class=\"yoast-schema-graph\">{\"@context\":\"https:\\\/\\\/schema.org\",\"@graph\":[{\"@type\":\"WebPage\",\"@id\":\"https:\\\/\\\/dgdc.cultura.gov.it\\\/dichiarazione-di-accessibilita\\\/\",\"url\":\"https:\\\/\\\/dgdc.cultura.gov.it\\\/dichiarazione-di-accessibilita\\\/\",\"name\":\"Dichiarazione di accessibilit\u00e0 - Direzione generale Digitalizzazione e comunicazione\",\"isPartOf\":{\"@id\":\"https:\\\/\\\/dgdc.cultura.gov.it\\\/#website\"},\"datePublished\":\"2025-09-17T10:30:15+00:00\",\"dateModified\":\"2025-09-17T10:30:48+00:00\",\"breadcrumb\":{\"@id\":\"https:\\\/\\\/dgdc.cultura.gov.it\\\/dichiarazione-di-accessibilita\\\/#breadcrumb\"},\"inLanguage\":\"en-GB\",\"potentialAction\":[{\"@type\":\"ReadAction\",\"target\":[\"https:\\\/\\\/dgdc.cultura.gov.it\\\/dichiarazione-di-accessibilita\\\/\"]}]},{\"@type\":\"BreadcrumbList\",\"@id\":\"https:\\\/\\\/dgdc.cultura.gov.it\\\/dichiarazione-di-accessibilita\\\/#breadcrumb\",\"itemListElement\":[{\"@type\":\"ListItem\",\"position\":1,\"name\":\"Home\",\"item\":\"https:\\\/\\\/dgdc.cultura.gov.it\\\/\"},{\"@type\":\"ListItem\",\"position\":2,\"name\":\"Dichiarazione di accessibilit\u00e0\"}]},{\"@type\":\"WebSite\",\"@id\":\"https:\\\/\\\/dgdc.cultura.gov.it\\\/#website\",\"url\":\"https:\\\/\\\/dgdc.cultura.gov.it\\\/\",\"name\":\"Direzione generale Digitalizzazione e comunicazione\",\"description\":\"Sito della Direzione generale Digitalizzazione e comunicazione\",\"publisher\":{\"@id\":\"https:\\\/\\\/dgdc.cultura.gov.it\\\/#organization\"},\"alternateName\":\"dgdc\",\"potentialAction\":[{\"@type\":\"SearchAction\",\"target\":{\"@type\":\"EntryPoint\",\"urlTemplate\":\"https:\\\/\\\/dgdc.cultura.gov.it\\\/?s={search_term_string}\"},\"query-input\":{\"@type\":\"PropertyValueSpecification\",\"valueRequired\":true,\"valueName\":\"search_term_string\"}}],\"inLanguage\":\"en-GB\"},{\"@type\":\"Organization\",\"@id\":\"https:\\\/\\\/dgdc.cultura.gov.it\\\/#organization\",\"name\":\"Direzione Generale Digitalizzazione e comunicazione\",\"alternateName\":\"DGDC\",\"url\":\"https:\\\/\\\/dgdc.cultura.gov.it\\\/\",\"logo\":{\"@type\":\"ImageObject\",\"inLanguage\":\"en-GB\",\"@id\":\"https:\\\/\\\/dgdc.cultura.gov.it\\\/#\\\/schema\\\/logo\\\/image\\\/\",\"url\":\"https:\\\/\\\/dgdc.cultura.gov.it\\\/wp-content\\\/uploads\\\/2025\\\/05\\\/Logo-DGDC-blu.png\",\"contentUrl\":\"https:\\\/\\\/dgdc.cultura.gov.it\\\/wp-content\\\/uploads\\\/2025\\\/05\\\/Logo-DGDC-blu.png\",\"width\":1600,\"height\":408,\"caption\":\"Direzione Generale Digitalizzazione e comunicazione\"},\"image\":{\"@id\":\"https:\\\/\\\/dgdc.cultura.gov.it\\\/#\\\/schema\\\/logo\\\/image\\\/\"},\"sameAs\":[\"https:\\\/\\\/www.facebook.com\\\/dgdc.mic\\\/\",\"https:\\\/\\\/www.youtube.com\\\/MiC_Italia\"]}]}<\/script>\n<!-- \/ Yoast SEO plugin. -->","yoast_head_json":{"title":"Dichiarazione di accessibilit\u00e0 - Direzione generale Digitalizzazione e comunicazione","robots":{"index":"index","follow":"follow","max-snippet":"max-snippet:-1","max-image-preview":"max-image-preview:large","max-video-preview":"max-video-preview:-1"},"canonical":"https:\/\/dgdc.cultura.gov.it\/en\/dichiarazione-di-accessibilita\/","og_locale":"en_GB","og_type":"article","og_title":"Dichiarazione di accessibilit\u00e0 - Direzione generale Digitalizzazione e comunicazione","og_description":"Il Ministero della Cultura si impegna a rendere il presente sito web accessibile, conformemente al D.lgs 10 agosto 2018, n. 106 che ha recepito la ...","og_url":"https:\/\/dgdc.cultura.gov.it\/en\/dichiarazione-di-accessibilita\/","og_site_name":"Direzione generale Digitalizzazione e comunicazione","article_publisher":"https:\/\/www.facebook.com\/dgdc.mic\/","article_modified_time":"2025-09-17T10:30:48+00:00","schema":{"@context":"https:\/\/schema.org","@graph":[{"@type":"WebPage","@id":"https:\/\/dgdc.cultura.gov.it\/dichiarazione-di-accessibilita\/","url":"https:\/\/dgdc.cultura.gov.it\/dichiarazione-di-accessibilita\/","name":"Dichiarazione di accessibilit\u00e0 - Direzione generale Digitalizzazione e comunicazione","isPartOf":{"@id":"https:\/\/dgdc.cultura.gov.it\/#website"},"datePublished":"2025-09-17T10:30:15+00:00","dateModified":"2025-09-17T10:30:48+00:00","breadcrumb":{"@id":"https:\/\/dgdc.cultura.gov.it\/dichiarazione-di-accessibilita\/#breadcrumb"},"inLanguage":"en-GB","potentialAction":[{"@type":"ReadAction","target":["https:\/\/dgdc.cultura.gov.it\/dichiarazione-di-accessibilita\/"]}]},{"@type":"BreadcrumbList","@id":"https:\/\/dgdc.cultura.gov.it\/dichiarazione-di-accessibilita\/#breadcrumb","itemListElement":[{"@type":"ListItem","position":1,"name":"Home","item":"https:\/\/dgdc.cultura.gov.it\/"},{"@type":"ListItem","position":2,"name":"Dichiarazione di accessibilit\u00e0"}]},{"@type":"WebSite","@id":"https:\/\/dgdc.cultura.gov.it\/#website","url":"https:\/\/dgdc.cultura.gov.it\/","name":"Direzione generale Digitalizzazione e comunicazione","description":"Sito della Direzione generale Digitalizzazione e comunicazione","publisher":{"@id":"https:\/\/dgdc.cultura.gov.it\/#organization"},"alternateName":"dgdc","potentialAction":[{"@type":"SearchAction","target":{"@type":"EntryPoint","urlTemplate":"https:\/\/dgdc.cultura.gov.it\/?s={search_term_string}"},"query-input":{"@type":"PropertyValueSpecification","valueRequired":true,"valueName":"search_term_string"}}],"inLanguage":"en-GB"},{"@type":"Organization","@id":"https:\/\/dgdc.cultura.gov.it\/#organization","name":"Direzione Generale Digitalizzazione e comunicazione","alternateName":"DGDC","url":"https:\/\/dgdc.cultura.gov.it\/","logo":{"@type":"ImageObject","inLanguage":"en-GB","@id":"https:\/\/dgdc.cultura.gov.it\/#\/schema\/logo\/image\/","url":"https:\/\/dgdc.cultura.gov.it\/wp-content\/uploads\/2025\/05\/Logo-DGDC-blu.png","contentUrl":"https:\/\/dgdc.cultura.gov.it\/wp-content\/uploads\/2025\/05\/Logo-DGDC-blu.png","width":1600,"height":408,"caption":"Direzione Generale Digitalizzazione e comunicazione"},"image":{"@id":"https:\/\/dgdc.cultura.gov.it\/#\/schema\/logo\/image\/"},"sameAs":["https:\/\/www.facebook.com\/dgdc.mic\/","https:\/\/www.youtube.com\/MiC_Italia"]}]}},"_links":{"self":[{"href":"https:\/\/dgdc.cultura.gov.it\/en\/wp-json\/wp\/v2\/pages\/30100","targetHints":{"allow":["GET"]}}],"collection":[{"href":"https:\/\/dgdc.cultura.gov.it\/en\/wp-json\/wp\/v2\/pages"}],"about":[{"href":"https:\/\/dgdc.cultura.gov.it\/en\/wp-json\/wp\/v2\/types\/page"}],"author":[{"embeddable":true,"href":"https:\/\/dgdc.cultura.gov.it\/en\/wp-json\/wp\/v2\/users\/1"}],"replies":[{"embeddable":true,"href":"https:\/\/dgdc.cultura.gov.it\/en\/wp-json\/wp\/v2\/comments?post=30100"}],"version-history":[{"count":2,"href":"https:\/\/dgdc.cultura.gov.it\/en\/wp-json\/wp\/v2\/pages\/30100\/revisions"}],"predecessor-version":[{"id":30102,"href":"https:\/\/dgdc.cultura.gov.it\/en\/wp-json\/wp\/v2\/pages\/30100\/revisions\/30102"}],"wp:attachment":[{"href":"https:\/\/dgdc.cultura.gov.it\/en\/wp-json\/wp\/v2\/media?parent=30100"}],"curies":[{"name":"wp","href":"https:\/\/api.w.org\/{rel}","templated":true}]}}